{"id":6058,"date":"2020-06-26T21:49:01","date_gmt":"2020-06-26T21:49:01","guid":{"rendered":"https:\/\/atti.com.mx\/wp\/?post_type=product&#038;p=6058"},"modified":"2021-09-18T04:02:11","modified_gmt":"2021-09-18T04:02:11","slug":"microzync","status":"publish","type":"product","link":"https:\/\/atti.com.mx\/wp\/producto\/microzync\/","title":{"rendered":"Microzync"},"content":{"rendered":"<p><span>Adquiera la plataforma m\u00e1s eficiente de MarketPlace. Ahorre tiempo, sincronice a Mercado Libre, agilice sus ventas, consulte m\u00e9tricas, venda sus productos, agilice sus ventas y obtenga m\u00e1s ganancias.<\/span><\/p>\n","protected":false},"excerpt":{"rendered":"<p><span>Adquiera la plataforma m\u00e1s eficiente de Market Place. Ahorre tiempo, sincronize a Mercado Libre, agilize sus ventas, consulte m\u00e9tricas, venda sus productos, agilize sus ventas y obtenga m\u00e1s ganacias.<\/span><\/p>\n","protected":false},"featured_media":6764,"comment_status":"open","ping_status":"closed","template":"","meta":{"_joinchat":[]},"_links":{"self":[{"href":"https:\/\/atti.com.mx\/wp\/wp-json\/wp\/v2\/product\/6058"}],"collection":[{"href":"https:\/\/atti.com.mx\/wp\/wp-json\/wp\/v2\/product"}],"about":[{"href":"https:\/\/atti.com.mx\/wp\/wp-json\/wp\/v2\/types\/product"}],"replies":[{"embeddable":true,"href":"https:\/\/atti.com.mx\/wp\/wp-json\/wp\/v2\/comments?post=6058"}],"wp:featuredmedia":[{"embeddable":true,"href":"https:\/\/atti.com.mx\/wp\/wp-json\/wp\/v2\/media\/6764"}],"wp:attachment":[{"href":"https:\/\/atti.com.mx\/wp\/wp-json\/wp\/v2\/media?parent=6058"}],"curies":[{"name":"wp","href":"https:\/\/api.w.org\/{rel}","templated":true}]}}